{"id":39,"date":"2020-05-25T12:22:29","date_gmt":"2020-05-25T12:22:29","guid":{"rendered":"http:\/\/tarpanhof-moorriem.de\/?page_id=39"},"modified":"2020-05-25T19:01:52","modified_gmt":"2020-05-25T19:01:52","slug":"elementor-39","status":"publish","type":"page","link":"https:\/\/tarpanhof-moorriem.de\/?page_id=39","title":{"rendered":"Der Tarpanhof"},"content":{"rendered":"\t\t<div data-elementor-type=\"wp-post\" data-elementor-id=\"39\" class=\"elementor elementor-39\">\n\t\t\t\t\t\t\t\t\t<section class=\"elementor-section elementor-top-section elementor-element elementor-element-e04be0d elementor-section-boxed elementor-section-height-default elementor-section-height-default\" data-id=\"e04be0d\" data-element_type=\"section\" data-settings=\"{&quot;_ha_eqh_enable&quot;:false}\">\n\t\t\t\t\t\t<div class=\"elementor-container elementor-column-gap-default\">\n\t\t\t\t\t<div class=\"elementor-column elementor-col-100 elementor-top-column elementor-element elementor-element-52a50ed\" data-id=\"52a50ed\" data-element_type=\"column\">\n\t\t\t<div class=\"elementor-widget-wrap elementor-element-populated\">\n\t\t\t\t\t\t\t\t<div class=\"elementor-element elementor-element-4adfb3f elementor-widget elementor-widget-heading\" data-id=\"4adfb3f\" data-element_type=\"widget\" data-widget_type=\"heading.default\">\n\t\t\t\t<div class=\"elementor-widget-container\">\n\t\t\t<h2 class=\"elementor-heading-title elementor-size-default\">Der Tarpanhof<\/h2>\t\t<\/div>\n\t\t\t\t<\/div>\n\t\t\t\t\t<\/div>\n\t\t<\/div>\n\t\t\t\t\t\t\t<\/div>\n\t\t<\/section>\n\t\t\t\t<section class=\"elementor-section elementor-top-section elementor-element elementor-element-b1e3195 elementor-section-boxed elementor-section-height-default elementor-section-height-default\" data-id=\"b1e3195\" data-element_type=\"section\" data-settings=\"{&quot;_ha_eqh_enable&quot;:false}\">\n\t\t\t\t\t\t<div class=\"elementor-container elementor-column-gap-default\">\n\t\t\t\t\t<div class=\"elementor-column elementor-col-100 elementor-top-column elementor-element elementor-element-8c91307\" data-id=\"8c91307\" data-element_type=\"column\">\n\t\t\t<div class=\"elementor-widget-wrap elementor-element-populated\">\n\t\t\t\t\t\t\t\t<div class=\"elementor-element elementor-element-3dee800 elementor-widget elementor-widget-text-editor\" data-id=\"3dee800\" data-element_type=\"widget\" data-widget_type=\"text-editor.default\">\n\t\t\t\t<div class=\"elementor-widget-container\">\n\t\t\t\t\t\t\t<p>Leider wurde der Tarpan im Laufe des 19. Jahrhunderts von Menschenhand ausgerottet.<\/p><p>Wir betreiben seit 1991 intensiv eine <span class=\"xr_tl Normal\">Tarpanr\u00fcckz\u00fcchtung <\/span><span class=\"xr_tl Normal\">mit <\/span><span class=\"xr_tl Normal\">Hengststation <\/span><span class=\"xr_tl Normal\">und <\/span><span class=\"xr_tl Normal\">f\u00fchren <\/span><span class=\"xr_tl Normal\">diese <\/span><span class=\"xr_tl Normal\">im <\/span><span class=\"xr_tl Normal\">Sinne <\/span><span class=\"xr_tl Normal\">des <\/span><span class=\"xr_tl Normal\">im <\/span> <span class=\"xr_tl Normal\">Jahre 2005 verstorbenen Veterin\u00e4rs Dr. Georg Wilhelm Gaede aus Wiesmoor fort. <\/span><span class=\"xr_tl Normal\">Bei <\/span><span class=\"xr_tl Normal\">unserer <\/span><span class=\"xr_tl Normal\">Zucht <\/span><span class=\"xr_tl Normal\">halten <\/span><span class=\"xr_tl Normal\">wir <\/span><span class=\"xr_tl Normal\">uns <\/span><span class=\"xr_tl Normal\">an <\/span><span class=\"xr_tl Normal\">die <\/span><span class=\"xr_tl Normal\">Beschreibung\u00a0 <\/span><span class=\"xr_tl Normal\">der <\/span><span class=\"xr_tl Normal\">beiden <\/span><span class=\"xr_tl Normal\">Naturforscher\u00a0 <\/span><span class=\"xr_tl Normal\">Peter <\/span><span class=\"xr_tl Normal\">Simon <\/span><span class=\"xr_tl Normal\">Pallas <\/span><span class=\"xr_tl Normal\">und <\/span><span class=\"xr_tl Normal\">Samuel <\/span><span class=\"xr_tl Normal\">Gottlieb Gmelin, die diese Pferde im 18. Jahrhundert noch in gro\u00dfen Herden wildlebend sahen.<\/span><\/p>\t\t\t\t\t\t<\/div>\n\t\t\t\t<\/div>\n\t\t\t\t\t<\/div>\n\t\t<\/div>\n\t\t\t\t\t\t\t<\/div>\n\t\t<\/section>\n\t\t\t\t<section class=\"elementor-section elementor-top-section elementor-element elementor-element-d32efcc elementor-section-boxed elementor-section-height-default elementor-section-height-default\" data-id=\"d32efcc\" data-element_type=\"section\" data-settings=\"{&quot;_ha_eqh_enable&quot;:false}\">\n\t\t\t\t\t\t<div class=\"elementor-container elementor-column-gap-default\">\n\t\t\t\t\t<div class=\"elementor-column elementor-col-100 elementor-top-column elementor-element elementor-element-1b687d1\" data-id=\"1b687d1\" data-element_type=\"column\">\n\t\t\t<div class=\"elementor-widget-wrap elementor-element-populated\">\n\t\t\t\t\t\t\t\t<div class=\"elementor-element elementor-element-a914d54 elementor-widget elementor-widget-text-editor\" data-id=\"a914d54\" data-element_type=\"widget\" data-widget_type=\"text-editor.default\">\n\t\t\t\t<div class=\"elementor-widget-container\">\n\t\t\t\t\t\t\t<p>Sie beschrieben die Tiere folgenderma\u00dfen:<\/p>\t\t\t\t\t\t<\/div>\n\t\t\t\t<\/div>\n\t\t\t\t\t<\/div>\n\t\t<\/div>\n\t\t\t\t\t\t\t<\/div>\n\t\t<\/section>\n\t\t\t\t<section class=\"elementor-section elementor-top-section elementor-element elementor-element-32d95a9 elementor-section-boxed elementor-section-height-default elementor-section-height-default\" data-id=\"32d95a9\" data-element_type=\"section\" data-settings=\"{&quot;_ha_eqh_enable&quot;:false}\">\n\t\t\t\t\t\t<div class=\"elementor-container elementor-column-gap-default\">\n\t\t\t\t\t<div class=\"elementor-column elementor-col-66 elementor-top-column elementor-element elementor-element-97d009b\" data-id=\"97d009b\" data-element_type=\"column\">\n\t\t\t<div class=\"elementor-widget-wrap elementor-element-populated\">\n\t\t\t\t\t\t\t\t<div class=\"elementor-element elementor-element-f27d932 elementor-icon-list--layout-traditional elementor-list-item-link-full_width elementor-widget elementor-widget-icon-list\" data-id=\"f27d932\" data-element_type=\"widget\" data-widget_type=\"icon-list.default\">\n\t\t\t\t<div class=\"elementor-widget-container\">\n\t\t\t\t\t<ul class=\"elementor-icon-list-items\">\n\t\t\t\t\t\t\t<li class=\"elementor-icon-list-item\">\n\t\t\t\t\t\t\t\t\t\t\t<span class=\"elementor-icon-list-icon\">\n\t\t\t\t\t\t\t<i aria-hidden=\"true\" class=\"fas fa-arrow-right\"><\/i>\t\t\t\t\t\t<\/span>\n\t\t\t\t\t\t\t\t\t\t<span class=\"elementor-icon-list-text\">Gr\u00f6\u00dfe 115-125 cm Stockma\u00df<\/span>\n\t\t\t\t\t\t\t\t\t<\/li>\n\t\t\t\t\t\t\t\t<li class=\"elementor-icon-list-item\">\n\t\t\t\t\t\t\t\t\t\t\t<span class=\"elementor-icon-list-icon\">\n\t\t\t\t\t\t\t<i aria-hidden=\"true\" class=\"fas fa-arrow-right\"><\/i>\t\t\t\t\t\t<\/span>\n\t\t\t\t\t\t\t\t\t\t<span class=\"elementor-icon-list-text\">feinknochig mit kleinem Kopf und gro\u00dfen Augen<\/span>\n\t\t\t\t\t\t\t\t\t<\/li>\n\t\t\t\t\t\t\t\t<li class=\"elementor-icon-list-item\">\n\t\t\t\t\t\t\t\t\t\t\t<span class=\"elementor-icon-list-icon\">\n\t\t\t\t\t\t\t<i aria-hidden=\"true\" class=\"fas fa-arrow-right\"><\/i>\t\t\t\t\t\t<\/span>\n\t\t\t\t\t\t\t\t\t\t<span class=\"elementor-icon-list-text\">Farbe: mausgrau, auch helles und dunkles Grau kommt vor<\/span>\n\t\t\t\t\t\t\t\t\t<\/li>\n\t\t\t\t\t\t\t\t<li class=\"elementor-icon-list-item\">\n\t\t\t\t\t\t\t\t\t\t\t<span class=\"elementor-icon-list-icon\">\n\t\t\t\t\t\t\t<i aria-hidden=\"true\" class=\"fas fa-arrow-right\"><\/i>\t\t\t\t\t\t<\/span>\n\t\t\t\t\t\t\t\t\t\t<span class=\"elementor-icon-list-text\">Aalstrich auf dem R\u00fccken bis Schweifr\u00fcbe verlaufend<\/span>\n\t\t\t\t\t\t\t\t\t<\/li>\n\t\t\t\t\t\t\t\t<li class=\"elementor-icon-list-item\">\n\t\t\t\t\t\t\t\t\t\t\t<span class=\"elementor-icon-list-icon\">\n\t\t\t\t\t\t\t<i aria-hidden=\"true\" class=\"fas fa-arrow-right\"><\/i>\t\t\t\t\t\t<\/span>\n\t\t\t\t\t\t\t\t\t\t<span class=\"elementor-icon-list-text\">Schulterkreuz schwarz, manchmal doppelt, auch dunkle Streifenam Hals und schwarze Ohrenspitzen, h\u00e4ufig auch ein schwarzer Punkt an der Backe sowie Zebrastreifung am Sprunggelenk und Unterarm<\/span>\n\t\t\t\t\t\t\t\t\t<\/li>\n\t\t\t\t\t\t<\/ul>\n\t\t\t\t<\/div>\n\t\t\t\t<\/div>\n\t\t\t\t\t<\/div>\n\t\t<\/div>\n\t\t\t\t<div class=\"elementor-column elementor-col-33 elementor-top-column elementor-element elementor-element-f4a08aa\" data-id=\"f4a08aa\" data-element_type=\"column\">\n\t\t\t<div class=\"elementor-widget-wrap elementor-element-populated\">\n\t\t\t\t\t\t\t\t<div class=\"elementor-element elementor-element-cda8c15 elementor-widget elementor-widget-image\" data-id=\"cda8c15\" data-element_type=\"widget\" data-widget_type=\"image.default\">\n\t\t\t\t<div class=\"elementor-widget-container\">\n\t\t\t\t\t\t\t\t\t\t\t\t\t\t\t<img decoding=\"async\" width=\"300\" height=\"127\" src=\"https:\/\/tarpanhof-moorriem.de\/wp-content\/uploads\/2020\/05\/1372@2x-300x127.jpg\" class=\"attachment-medium size-medium wp-image-45\" alt=\"\" srcset=\"https:\/\/tarpanhof-moorriem.de\/wp-content\/uploads\/2020\/05\/1372@2x-300x127.jpg 300w, https:\/\/tarpanhof-moorriem.de\/wp-content\/uploads\/2020\/05\/1372@2x.jpg 332w\" sizes=\"(max-width: 300px) 100vw, 300px\" \/>\t\t\t\t\t\t\t\t\t\t\t\t\t\t\t<\/div>\n\t\t\t\t<\/div>\n\t\t\t\t\t<\/div>\n\t\t<\/div>\n\t\t\t\t\t\t\t<\/div>\n\t\t<\/section>\n\t\t\t\t<section class=\"elementor-section elementor-top-section elementor-element elementor-element-7d57849 elementor-section-boxed elementor-section-height-default elementor-section-height-default\" data-id=\"7d57849\" data-element_type=\"section\" data-settings=\"{&quot;_ha_eqh_enable&quot;:false}\">\n\t\t\t\t\t\t<div class=\"elementor-container elementor-column-gap-default\">\n\t\t\t\t\t<div class=\"elementor-column elementor-col-50 elementor-top-column elementor-element elementor-element-093e08e\" data-id=\"093e08e\" data-element_type=\"column\">\n\t\t\t<div class=\"elementor-widget-wrap elementor-element-populated\">\n\t\t\t\t\t\t\t\t<div class=\"elementor-element elementor-element-aaa6c13 elementor-widget elementor-widget-text-editor\" data-id=\"aaa6c13\" data-element_type=\"widget\" data-widget_type=\"text-editor.default\">\n\t\t\t\t<div class=\"elementor-widget-container\">\n\t\t\t\t\t\t\t<p>Der polnische Konik, ein Nachfahre des Tarpan, hatte noch viele dieser Merkmale.<\/p><p>Der Tarpan ist ein sehr gen\u00fcgsames, robustes und umg\u00e4ngliches Pony. Er ist lernwillig und zeigt keinerlei Unarten wie z. B. Bei\u00dfen und Schlagen, also ein ideales Kinderpony.<\/p><p>Die Tiere werden im Herdenverband so nat\u00fcrlich wie m\u00f6glich gehalten.<\/p><p><span class=\"xr_tl Normal\">Sie <\/span><span class=\"xr_tl Normal\">laufen <\/span><span class=\"xr_tl Normal\">ganzj\u00e4hrig <\/span><span class=\"xr_tl Normal\">im <\/span><span class=\"xr_tl Normal\">Freien, <\/span><span class=\"xr_tl Normal\">lediglich <\/span><span class=\"xr_tl Normal\">ein <\/span><span class=\"xr_tl Normal\">gro\u00dfer <\/span><span class=\"xr_tl Normal\">Offenstall <\/span><span class=\"xr_tl Normal\">sowie <\/span><span class=\"xr_tl Normal\">der <\/span><span class=\"xr_tl Normal\">Baumbestand <\/span><span class=\"xr_tl Normal\">bieten <\/span><span class=\"xr_tl Normal\">Schutz <\/span><span class=\"xr_tl Normal\">vor <\/span><span class=\"xr_tl Normal\">N\u00e4sse <\/span> <span class=\"xr_tl Normal\">und K\u00e4lte.<\/span><\/p><p>Der Gro\u00dfteil unserer Tiere wurde als Kutschpferd ausgebildet.<\/p><p><span class=\"xr_tl Normal\">\u00a0<\/span><\/p>\t\t\t\t\t\t<\/div>\n\t\t\t\t<\/div>\n\t\t\t\t\t<\/div>\n\t\t<\/div>\n\t\t\t\t<div class=\"elementor-column elementor-col-50 elementor-top-column elementor-element elementor-element-3f10169\" data-id=\"3f10169\" data-element_type=\"column\">\n\t\t\t<div class=\"elementor-widget-wrap elementor-element-populated\">\n\t\t\t\t\t\t\t\t<div class=\"elementor-element elementor-element-bbb5052 elementor-widget elementor-widget-image\" data-id=\"bbb5052\" data-element_type=\"widget\" data-widget_type=\"image.default\">\n\t\t\t\t<div class=\"elementor-widget-container\">\n\t\t\t\t\t\t\t\t\t\t\t\t\t\t\t<img fetchpriority=\"high\" decoding=\"async\" width=\"300\" height=\"223\" src=\"https:\/\/tarpanhof-moorriem.de\/wp-content\/uploads\/2020\/05\/778@2x-300x223.jpg\" class=\"attachment-medium size-medium wp-image-46\" alt=\"\" srcset=\"https:\/\/tarpanhof-moorriem.de\/wp-content\/uploads\/2020\/05\/778@2x-300x223.jpg 300w, https:\/\/tarpanhof-moorriem.de\/wp-content\/uploads\/2020\/05\/778@2x.jpg 622w\" sizes=\"(max-width: 300px) 100vw, 300px\" \/>\t\t\t\t\t\t\t\t\t\t\t\t\t\t\t<\/div>\n\t\t\t\t<\/div>\n\t\t\t\t\t<\/div>\n\t\t<\/div>\n\t\t\t\t\t\t\t<\/div>\n\t\t<\/section>\n\t\t\t\t<section class=\"elementor-section elementor-top-section elementor-element elementor-element-9eb9e1d elementor-section-boxed elementor-section-height-default elementor-section-height-default\" data-id=\"9eb9e1d\" data-element_type=\"section\" data-settings=\"{&quot;_ha_eqh_enable&quot;:false}\">\n\t\t\t\t\t\t<div class=\"elementor-container elementor-column-gap-default\">\n\t\t\t\t\t<div class=\"elementor-column elementor-col-100 elementor-top-column elementor-element elementor-element-d2d1876\" data-id=\"d2d1876\" data-element_type=\"column\">\n\t\t\t<div class=\"elementor-widget-wrap elementor-element-populated\">\n\t\t\t\t\t\t\t\t<div class=\"elementor-element elementor-element-a57b23d elementor-widget elementor-widget-text-editor\" data-id=\"a57b23d\" data-element_type=\"widget\" data-widget_type=\"text-editor.default\">\n\t\t\t\t<div class=\"elementor-widget-container\">\n\t\t\t\t\t\t\t<p><strong>Wir sind Mitglied beim Pferdestammbuch Weser-Ems e.V., welches die Zucht in Deutschland in eigenst\u00e4ndiger Population betreibt und das Ursprungszuchtbuch f\u00fchrt. Hier sind unsere Deckhengste und Zuchtstuten eingetragen und unsere Fohlen erhalten einen ordnungsgem\u00e4\u00dfen Abstammungsnachweis sowie eine Eigentums-Urkunde. Ohne diese Nachweise w\u00e4ren die Tiere nicht f\u00fcr die Zucht tauglich und es w\u00fcrde sich lediglich um graue Ponys und nicht um Tarpane handeln.&nbsp;&nbsp;<\/strong><\/p>\n<p>Unser Hof befindet sich im Ortsteil Eckfleth, der ehemaligen Gemeinde Moorriem, der zur Stadt Elsfleth im Landkreis Wesermarsch geh\u00f6rt, wo diese Tarpanr\u00fcckzucht einzigartig ist.<\/p>\n<p>Leider k\u00f6nnen nicht alle aus unserer Zucht hervorgegangenen Tiere auf unserem Hof verbleiben. Daher werden hin und wieder einige Exemplare abgegeben.<\/p>\n<div class=\"Normal\"><span class=\"xr_tl Normal\"><span class=\"Normal\">Sollten wir Ihr Interesse am Tarpan geweckt haben, dann melden Sie sich bitte unter <\/span><\/span><a href=\"http:\/\/tarpanhof-moorriem.de\/?page_id=77\"><span class=\"xr_tl Normal\"><span class=\"Normal\">Kontakt<\/span><\/span><span class=\"xr_tl Normal\"><span class=\"Normal\">.<\/span><\/span><\/a><\/div>\n<p><img decoding=\"async\" class=\"xr_rn_ xr_ap\" title=\"\" src=\"index_htm_files\/778.jpg\" alt=\"\"><\/p>\n<div class=\"Normal_text\">&nbsp;<\/div>\t\t\t\t\t\t<\/div>\n\t\t\t\t<\/div>\n\t\t\t\t\t<\/div>\n\t\t<\/div>\n\t\t\t\t\t\t\t<\/div>\n\t\t<\/section>\n\t\t\t\t\t\t\t<\/div>\n\t\t","protected":false},"excerpt":{"rendered":"<p>Der Tarpanhof Leider wurde der Tarpan im Laufe des 19. Jahrhunderts von Menschenhand ausgerottet. Wir betreiben seit 1991 intensiv eine Tarpanr\u00fcckz\u00fcchtung mit Hengststation und f\u00fchren diese im Sinne des im Jahre 2005 verstorbenen Veterin\u00e4rs Dr. Georg Wilhelm Gaede aus Wiesmoor fort. Bei unserer Zucht halten wir uns an die Beschreibung\u00a0 der beiden Naturforscher\u00a0 Peter Simon [&hellip;]<\/p>\n","protected":false},"author":1,"featured_media":0,"parent":0,"menu_order":0,"comment_status":"closed","ping_status":"closed","template":"","meta":{"_themeisle_gutenberg_block_has_review":false,"footnotes":""},"yoast_head":"<!-- This site is optimized with the Yoast SEO plugin v21.8.1 - https:\/\/yoast.com\/wordpress\/plugins\/seo\/ -->\n<title>Der Tarpanhof - Tarpanhof Moorriem<\/title>\n<meta name=\"robots\" content=\"index, follow, max-snippet:-1, max-image-preview:large, max-video-preview:-1\" \/>\n<link rel=\"canonical\" href=\"https:\/\/tarpanhof-moorriem.de\/?page_id=39\" \/>\n<meta property=\"og:locale\" content=\"de_DE\" \/>\n<meta property=\"og:type\" content=\"article\" \/>\n<meta property=\"og:title\" content=\"Der Tarpanhof - Tarpanhof Moorriem\" \/>\n<meta property=\"og:description\" content=\"Der Tarpanhof Leider wurde der Tarpan im Laufe des 19. Jahrhunderts von Menschenhand ausgerottet. Wir betreiben seit 1991 intensiv eine Tarpanr\u00fcckz\u00fcchtung mit Hengststation und f\u00fchren diese im Sinne des im Jahre 2005 verstorbenen Veterin\u00e4rs Dr. Georg Wilhelm Gaede aus Wiesmoor fort. Bei unserer Zucht halten wir uns an die Beschreibung\u00a0 der beiden Naturforscher\u00a0 Peter Simon [&hellip;]\" \/>\n<meta property=\"og:url\" content=\"https:\/\/tarpanhof-moorriem.de\/?page_id=39\" \/>\n<meta property=\"og:site_name\" content=\"Tarpanhof Moorriem\" \/>\n<meta property=\"article:modified_time\" content=\"2020-05-25T19:01:52+00:00\" \/>\n<meta property=\"og:image\" content=\"https:\/\/tarpanhof-moorriem.de\/wp-content\/uploads\/2020\/05\/1372@2x-300x127.jpg\" \/>\n<meta name=\"twitter:card\" content=\"summary_large_image\" \/>\n<meta name=\"twitter:label1\" content=\"Gesch\u00e4tzte Lesezeit\" \/>\n\t<meta name=\"twitter:data1\" content=\"2\u00a0Minuten\" \/>\n<script type=\"application\/ld+json\" class=\"yoast-schema-graph\">{\"@context\":\"https:\/\/schema.org\",\"@graph\":[{\"@type\":\"WebPage\",\"@id\":\"https:\/\/tarpanhof-moorriem.de\/?page_id=39\",\"url\":\"https:\/\/tarpanhof-moorriem.de\/?page_id=39\",\"name\":\"Der Tarpanhof - Tarpanhof Moorriem\",\"isPartOf\":{\"@id\":\"https:\/\/tarpanhof-moorriem.de\/#website\"},\"datePublished\":\"2020-05-25T12:22:29+00:00\",\"dateModified\":\"2020-05-25T19:01:52+00:00\",\"breadcrumb\":{\"@id\":\"https:\/\/tarpanhof-moorriem.de\/?page_id=39#breadcrumb\"},\"inLanguage\":\"de\",\"potentialAction\":[{\"@type\":\"ReadAction\",\"target\":[\"https:\/\/tarpanhof-moorriem.de\/?page_id=39\"]}]},{\"@type\":\"BreadcrumbList\",\"@id\":\"https:\/\/tarpanhof-moorriem.de\/?page_id=39#breadcrumb\",\"itemListElement\":[{\"@type\":\"ListItem\",\"position\":1,\"name\":\"Startseite\",\"item\":\"https:\/\/tarpanhof-moorriem.de\/\"},{\"@type\":\"ListItem\",\"position\":2,\"name\":\"Der Tarpanhof\"}]},{\"@type\":\"WebSite\",\"@id\":\"https:\/\/tarpanhof-moorriem.de\/#website\",\"url\":\"https:\/\/tarpanhof-moorriem.de\/\",\"name\":\"Tarpanhof Moorriem\",\"description\":\"Ihr Anprechpartner f\u00fcr die Tarpanzucht und -haltung!\",\"potentialAction\":[{\"@type\":\"SearchAction\",\"target\":{\"@type\":\"EntryPoint\",\"urlTemplate\":\"https:\/\/tarpanhof-moorriem.de\/?s={search_term_string}\"},\"query-input\":\"required name=search_term_string\"}],\"inLanguage\":\"de\"}]}<\/script>\n<!-- \/ Yoast SEO plugin. -->","yoast_head_json":{"title":"Der Tarpanhof - Tarpanhof Moorriem","robots":{"index":"index","follow":"follow","max-snippet":"max-snippet:-1","max-image-preview":"max-image-preview:large","max-video-preview":"max-video-preview:-1"},"canonical":"https:\/\/tarpanhof-moorriem.de\/?page_id=39","og_locale":"de_DE","og_type":"article","og_title":"Der Tarpanhof - Tarpanhof Moorriem","og_description":"Der Tarpanhof Leider wurde der Tarpan im Laufe des 19. Jahrhunderts von Menschenhand ausgerottet. Wir betreiben seit 1991 intensiv eine Tarpanr\u00fcckz\u00fcchtung mit Hengststation und f\u00fchren diese im Sinne des im Jahre 2005 verstorbenen Veterin\u00e4rs Dr. Georg Wilhelm Gaede aus Wiesmoor fort. Bei unserer Zucht halten wir uns an die Beschreibung\u00a0 der beiden Naturforscher\u00a0 Peter Simon [&hellip;]","og_url":"https:\/\/tarpanhof-moorriem.de\/?page_id=39","og_site_name":"Tarpanhof Moorriem","article_modified_time":"2020-05-25T19:01:52+00:00","og_image":[{"url":"https:\/\/tarpanhof-moorriem.de\/wp-content\/uploads\/2020\/05\/1372@2x-300x127.jpg"}],"twitter_card":"summary_large_image","twitter_misc":{"Gesch\u00e4tzte Lesezeit":"2\u00a0Minuten"},"schema":{"@context":"https:\/\/schema.org","@graph":[{"@type":"WebPage","@id":"https:\/\/tarpanhof-moorriem.de\/?page_id=39","url":"https:\/\/tarpanhof-moorriem.de\/?page_id=39","name":"Der Tarpanhof - Tarpanhof Moorriem","isPartOf":{"@id":"https:\/\/tarpanhof-moorriem.de\/#website"},"datePublished":"2020-05-25T12:22:29+00:00","dateModified":"2020-05-25T19:01:52+00:00","breadcrumb":{"@id":"https:\/\/tarpanhof-moorriem.de\/?page_id=39#breadcrumb"},"inLanguage":"de","potentialAction":[{"@type":"ReadAction","target":["https:\/\/tarpanhof-moorriem.de\/?page_id=39"]}]},{"@type":"BreadcrumbList","@id":"https:\/\/tarpanhof-moorriem.de\/?page_id=39#breadcrumb","itemListElement":[{"@type":"ListItem","position":1,"name":"Startseite","item":"https:\/\/tarpanhof-moorriem.de\/"},{"@type":"ListItem","position":2,"name":"Der Tarpanhof"}]},{"@type":"WebSite","@id":"https:\/\/tarpanhof-moorriem.de\/#website","url":"https:\/\/tarpanhof-moorriem.de\/","name":"Tarpanhof Moorriem","description":"Ihr Anprechpartner f\u00fcr die Tarpanzucht und -haltung!","potentialAction":[{"@type":"SearchAction","target":{"@type":"EntryPoint","urlTemplate":"https:\/\/tarpanhof-moorriem.de\/?s={search_term_string}"},"query-input":"required name=search_term_string"}],"inLanguage":"de"}]}},"jetpack_sharing_enabled":true,"_links":{"self":[{"href":"https:\/\/tarpanhof-moorriem.de\/index.php?rest_route=\/wp\/v2\/pages\/39"}],"collection":[{"href":"https:\/\/tarpanhof-moorriem.de\/index.php?rest_route=\/wp\/v2\/pages"}],"about":[{"href":"https:\/\/tarpanhof-moorriem.de\/index.php?rest_route=\/wp\/v2\/types\/page"}],"author":[{"embeddable":true,"href":"https:\/\/tarpanhof-moorriem.de\/index.php?rest_route=\/wp\/v2\/users\/1"}],"replies":[{"embeddable":true,"href":"https:\/\/tarpanhof-moorriem.de\/index.php?rest_route=%2Fwp%2Fv2%2Fcomments&post=39"}],"version-history":[{"count":16,"href":"https:\/\/tarpanhof-moorriem.de\/index.php?rest_route=\/wp\/v2\/pages\/39\/revisions"}],"predecessor-version":[{"id":154,"href":"https:\/\/tarpanhof-moorriem.de\/index.php?rest_route=\/wp\/v2\/pages\/39\/revisions\/154"}],"wp:attachment":[{"href":"https:\/\/tarpanhof-moorriem.de\/index.php?rest_route=%2Fwp%2Fv2%2Fmedia&parent=39"}],"curies":[{"name":"wp","href":"https:\/\/api.w.org\/{rel}","templated":true}]}}