{"id":54,"date":"2020-05-25T14:54:03","date_gmt":"2020-05-25T14:54:03","guid":{"rendered":"http:\/\/tarpanhof-moorriem.de\/?page_id=54"},"modified":"2020-05-25T18:36:17","modified_gmt":"2020-05-25T18:36:17","slug":"geschichte","status":"publish","type":"page","link":"https:\/\/tarpanhof-moorriem.de\/?page_id=54","title":{"rendered":"Geschichte"},"content":{"rendered":"\t\t<div data-elementor-type=\"wp-page\" data-elementor-id=\"54\" class=\"elementor elementor-54\">\n\t\t\t\t\t\t\t\t\t<section class=\"elementor-section elementor-top-section elementor-element elementor-element-c8fffc8 elementor-section-boxed elementor-section-height-default elementor-section-height-default\" data-id=\"c8fffc8\" data-element_type=\"section\" data-settings=\"{&quot;_ha_eqh_enable&quot;:false}\">\n\t\t\t\t\t\t<div class=\"elementor-container elementor-column-gap-default\">\n\t\t\t\t\t<div class=\"elementor-column elementor-col-100 elementor-top-column elementor-element elementor-element-da020c7\" data-id=\"da020c7\" data-element_type=\"column\">\n\t\t\t<div class=\"elementor-widget-wrap elementor-element-populated\">\n\t\t\t\t\t\t\t\t<div class=\"elementor-element elementor-element-f106ebc elementor-widget elementor-widget-heading\" data-id=\"f106ebc\" data-element_type=\"widget\" data-widget_type=\"heading.default\">\n\t\t\t\t<div class=\"elementor-widget-container\">\n\t\t\t<h2 class=\"elementor-heading-title elementor-size-default\">Die Geschichte des Tarpan<\/h2>\t\t<\/div>\n\t\t\t\t<\/div>\n\t\t\t\t\t<\/div>\n\t\t<\/div>\n\t\t\t\t\t\t\t<\/div>\n\t\t<\/section>\n\t\t\t\t<section class=\"elementor-section elementor-top-section elementor-element elementor-element-62c8d64 elementor-section-boxed elementor-section-height-default elementor-section-height-default\" data-id=\"62c8d64\" data-element_type=\"section\" data-settings=\"{&quot;_ha_eqh_enable&quot;:false}\">\n\t\t\t\t\t\t<div class=\"elementor-container elementor-column-gap-default\">\n\t\t\t\t\t<div class=\"elementor-column elementor-col-100 elementor-top-column elementor-element elementor-element-a332470\" data-id=\"a332470\" data-element_type=\"column\">\n\t\t\t<div class=\"elementor-widget-wrap elementor-element-populated\">\n\t\t\t\t\t\t\t\t<div class=\"elementor-element elementor-element-915ed4a elementor-widget elementor-widget-text-editor\" data-id=\"915ed4a\" data-element_type=\"widget\" data-widget_type=\"text-editor.default\">\n\t\t\t\t<div class=\"elementor-widget-container\">\n\t\t\t\t\t\t\t<p><span class=\"xr_tl Normal\">W\u00e4hrend <\/span><span class=\"xr_tl Normal\">einer <\/span><span class=\"xr_tl Normal\">Forschungsreise <\/span><span class=\"xr_tl Normal\">fand <\/span><span class=\"xr_tl Normal\">der <\/span><span class=\"xr_tl Normal\">russische <\/span><span class=\"xr_tl Normal\">Forscher <\/span><span class=\"xr_tl Normal\">und <\/span><span class=\"xr_tl Normal\">Naturwissenschaftler <\/span><span class=\"xr_tl Normal\">Samuel <\/span><span class=\"xr_tl Normal\">Gottlieb <\/span><span class=\"xr_tl Normal\">Gmelin <\/span> <span class=\"xr_tl Normal\">in der s\u00fcdrussischen Steppe bei Bobrowsk eine Herde wilder Pferde, die er sehr ausf\u00fchrlich beschrieb.<\/span><\/p><p><span class=\"xr_tl Normal\">Den <\/span><span class=\"xr_tl Normal\">russischen <\/span><span class=\"xr_tl Normal\">Namen <\/span><span class=\"xr_tl Normal\">Tarpan <\/span><span class=\"xr_tl Normal\">f\u00fcr <\/span><span class=\"xr_tl Normal\">&#8220;kleines <\/span><span class=\"xr_tl Normal\">Pferdchen&#8221; <\/span><span class=\"xr_tl Normal\">erhielten <\/span><span class=\"xr_tl Normal\">sie <\/span><span class=\"xr_tl Normal\">von <\/span><span class=\"xr_tl Normal\">dem <\/span><span class=\"xr_tl Normal\">Berliner <\/span><span class=\"xr_tl Normal\">Reisenden <\/span><span class=\"xr_tl Normal\">und <\/span><span class=\"xr_tl Normal\">Naturforscher Peter Simon Pallas (1741-1811).<\/span><\/p>\t\t\t\t\t\t<\/div>\n\t\t\t\t<\/div>\n\t\t\t\t\t<\/div>\n\t\t<\/div>\n\t\t\t\t\t\t\t<\/div>\n\t\t<\/section>\n\t\t\t\t<section class=\"elementor-section elementor-top-section elementor-element elementor-element-5582004 elementor-section-boxed elementor-section-height-default elementor-section-height-default\" data-id=\"5582004\" data-element_type=\"section\" data-settings=\"{&quot;_ha_eqh_enable&quot;:false}\">\n\t\t\t\t\t\t<div class=\"elementor-container elementor-column-gap-default\">\n\t\t\t\t\t<div class=\"elementor-column elementor-col-66 elementor-top-column elementor-element elementor-element-536fe90\" data-id=\"536fe90\" data-element_type=\"column\">\n\t\t\t<div class=\"elementor-widget-wrap elementor-element-populated\">\n\t\t\t\t\t\t\t\t<div class=\"elementor-element elementor-element-041f271 elementor-widget elementor-widget-text-editor\" data-id=\"041f271\" data-element_type=\"widget\" data-widget_type=\"text-editor.default\">\n\t\t\t\t<div class=\"elementor-widget-container\">\n\t\t\t\t\t\t\t<p>\u00a0<\/p><p><span class=\"xr_tl Normal\"><span class=\"Normal\">Einst <\/span><\/span><span class=\"xr_tl Normal\"><span class=\"Normal\">waren <\/span><\/span><span class=\"xr_tl Normal\"><span class=\"Normal\">die <\/span><\/span><span class=\"xr_tl Normal\"><span class=\"Normal\">mausgrauen <\/span><\/span><span class=\"xr_tl Normal\"><span class=\"Normal\">Tarpane <\/span><\/span><span class=\"xr_tl Normal\"><span class=\"Normal\">in <\/span><\/span><span class=\"xr_tl Normal\"><span class=\"Normal\">ganz <\/span><\/span><span class=\"xr_tl Normal\"><span class=\"Normal\">Europa <\/span><\/span><span class=\"xr_tl Normal\"><span class=\"Normal\">bis <\/span><\/span><span class=\"xr_tl Normal\"><span class=\"Normal\">hin <\/span><\/span><span class=\"xr_tl Normal\"><span class=\"Normal\">zum <\/span><\/span><span class=\"xr_tl Normal\"><span class=\"Normal\">Ural <\/span><\/span><span class=\"xr_tl Normal\">verbreitet. <\/span><span class=\"xr_tl Normal\">Noch <\/span><span class=\"xr_tl Normal\">in <\/span><span class=\"xr_tl Normal\">der <\/span><span class=\"xr_tl Normal\">Mitte <\/span><span class=\"xr_tl Normal\">des <\/span><span class=\"xr_tl Normal\">18. <\/span><span class=\"xr_tl Normal\">Jahrhunderts <\/span><span class=\"xr_tl Normal\">hielten <\/span><span class=\"xr_tl Normal\">sich <\/span><span class=\"xr_tl Normal\">gro\u00dfe <\/span><span class=\"xr_tl Normal\">Herden <\/span><span class=\"xr_tl Normal\">mit <\/span><span class=\"xr_tl Normal\">bis <\/span><span class=\"xr_tl Normal\">zu <\/span><span class=\"xr_tl Normal\">100 <\/span><span class=\"xr_tl Normal\">Tieren <\/span><span class=\"xr_tl Normal\">im <\/span><span class=\"xr_tl Normal\">Raum <\/span><span class=\"xr_tl Normal\">Woronesch <\/span><span class=\"xr_tl Normal\">auf <\/span><span class=\"xr_tl Normal\">und <\/span><span class=\"xr_tl Normal\">auch <\/span><span class=\"xr_tl Normal\">im <\/span><span class=\"xr_tl Normal\">S\u00fcden <\/span><span class=\"xr_tl Normal\">der <\/span><span class=\"xr_tl Normal\">Ukraine, <\/span><span class=\"xr_tl Normal\">in <\/span><span class=\"xr_tl Normal\">Taurien, <\/span><span class=\"xr_tl Normal\">auf <\/span><span class=\"xr_tl Normal\">der <\/span><span class=\"xr_tl Normal\">Halbinsel <\/span><span class=\"xr_tl Normal\">Krim <\/span><span class=\"xr_tl Normal\">und <\/span><span class=\"xr_tl Normal\">am <\/span><span class=\"xr_tl Normal\">unteren <\/span><span class=\"xr_tl Normal\">Dnjepr <\/span><span class=\"xr_tl Normal\">wurden <\/span><span class=\"xr_tl Normal\">sie <\/span><span class=\"xr_tl Normal\">noch <\/span><span class=\"xr_tl Normal\">lange <\/span><span class=\"xr_tl Normal\">gesichtet. <\/span><span class=\"xr_tl Normal\">Allerdings <\/span><span class=\"xr_tl Normal\">\u00e4rgerten <\/span> <span class=\"xr_tl Normal\">sich <\/span><span class=\"xr_tl Normal\">die <\/span><span class=\"xr_tl Normal\">Bauern <\/span><span class=\"xr_tl Normal\">dar\u00fcber, <\/span><span class=\"xr_tl Normal\">dass <\/span><span class=\"xr_tl Normal\">die <\/span><span class=\"xr_tl Normal\">wilden <\/span><span class=\"xr_tl Normal\">Hengste <\/span><span class=\"xr_tl Normal\">versuchten <\/span><span class=\"xr_tl Normal\">ihre <\/span> <span class=\"xr_tl Normal\">Gespannpferde <\/span><span class=\"xr_tl Normal\">zu <\/span><span class=\"xr_tl Normal\">decken <\/span><span class=\"xr_tl Normal\">oder <\/span><span class=\"xr_tl Normal\">die <\/span><span class=\"xr_tl Normal\">Stuten <\/span><span class=\"xr_tl Normal\">zu <\/span><span class=\"xr_tl Normal\">entf\u00fchren. <\/span><span class=\"xr_tl Normal\">Auch <\/span><span class=\"xr_tl Normal\">wegen <\/span> <span class=\"xr_tl Normal\">des <\/span><span class=\"xr_tl Normal\">schmackhaften <\/span><span class=\"xr_tl Normal\">Fleisches <\/span><span class=\"xr_tl Normal\">wurden <\/span><span class=\"xr_tl Normal\">sie <\/span><span class=\"xr_tl Normal\">gejagt, mit\u00a0der\u00a0Schlinge<\/span><span class=\"xr_tl Normal\">\u00a0<\/span><span class=\"xr_tl Normal\">gefangen <\/span><span class=\"xr_tl Normal\">und <\/span><span class=\"xr_tl Normal\">get\u00f6tet. <\/span><span class=\"xr_tl Normal\">Den <\/span><span class=\"xr_tl Normal\">letzten <\/span><span class=\"xr_tl Normal\">wilden <\/span><span class=\"xr_tl Normal\">Tarpan <\/span><span class=\"xr_tl Normal\">erlegten <\/span><span class=\"xr_tl Normal\">Bauern <\/span><span class=\"xr_tl Normal\">um <\/span> <span class=\"xr_tl Normal\">Weihnachten 1879 in der N\u00e4he von Askanija-Nova.<\/span><\/p>\t\t\t\t\t\t<\/div>\n\t\t\t\t<\/div>\n\t\t\t\t\t<\/div>\n\t\t<\/div>\n\t\t\t\t<div class=\"elementor-column elementor-col-33 elementor-top-column elementor-element elementor-element-d80fafb\" data-id=\"d80fafb\" data-element_type=\"column\">\n\t\t\t<div class=\"elementor-widget-wrap elementor-element-populated\">\n\t\t\t\t\t\t\t\t<div class=\"elementor-element elementor-element-2084d69 elementor-widget elementor-widget-image\" data-id=\"2084d69\" data-element_type=\"widget\" data-widget_type=\"image.default\">\n\t\t\t\t<div class=\"elementor-widget-container\">\n\t\t\t\t\t\t\t\t\t\t\t\t\t\t\t<img fetchpriority=\"high\" decoding=\"async\" width=\"300\" height=\"223\" src=\"https:\/\/tarpanhof-moorriem.de\/wp-content\/uploads\/2020\/05\/1541@2x-300x223.jpg\" class=\"attachment-medium size-medium wp-image-71\" alt=\"\" srcset=\"https:\/\/tarpanhof-moorriem.de\/wp-content\/uploads\/2020\/05\/1541@2x-300x223.jpg 300w, https:\/\/tarpanhof-moorriem.de\/wp-content\/uploads\/2020\/05\/1541@2x.jpg 414w\" sizes=\"(max-width: 300px) 100vw, 300px\" \/>\t\t\t\t\t\t\t\t\t\t\t\t\t\t\t<\/div>\n\t\t\t\t<\/div>\n\t\t\t\t\t<\/div>\n\t\t<\/div>\n\t\t\t\t\t\t\t<\/div>\n\t\t<\/section>\n\t\t\t\t<section class=\"elementor-section elementor-top-section elementor-element elementor-element-1e2aece elementor-section-boxed elementor-section-height-default elementor-section-height-default\" data-id=\"1e2aece\" data-element_type=\"section\" data-settings=\"{&quot;_ha_eqh_enable&quot;:false}\">\n\t\t\t\t\t\t<div class=\"elementor-container elementor-column-gap-default\">\n\t\t\t\t\t<div class=\"elementor-column elementor-col-100 elementor-top-column elementor-element elementor-element-1d2e8b1\" data-id=\"1d2e8b1\" data-element_type=\"column\">\n\t\t\t<div class=\"elementor-widget-wrap elementor-element-populated\">\n\t\t\t\t\t\t\t\t<div class=\"elementor-element elementor-element-731b34e elementor-widget elementor-widget-text-editor\" data-id=\"731b34e\" data-element_type=\"widget\" data-widget_type=\"text-editor.default\">\n\t\t\t\t<div class=\"elementor-widget-container\">\n\t\t\t\t\t\t\t<div class=\"Normal_text_a Text_body_a\"><span class=\"xr_tl Normal\">So <\/span><span class=\"xr_tl Normal\">kam <\/span><span class=\"xr_tl Normal\">es, <\/span><span class=\"xr_tl Normal\">dass, <\/span><span class=\"xr_tl Normal\">bevor <\/span><span class=\"xr_tl Normal\">sich <\/span><span class=\"xr_tl Normal\">die <\/span><span class=\"xr_tl Normal\">Wissenschaft <\/span><span class=\"xr_tl Normal\">der <\/span><span class=\"xr_tl Normal\">Tiere <\/span><span class=\"xr_tl Normal\">annahm, <\/span><span class=\"xr_tl Normal\">keines <\/span><span class=\"xr_tl Normal\">mehr <\/span><span class=\"xr_tl Normal\">da <\/span><span class=\"xr_tl Normal\">war <\/span><span class=\"xr_tl Normal\">und <\/span><span class=\"xr_tl Normal\">der <\/span><span class=\"xr_tl Normal\">Nachwelt <\/span><span class=\"xr_tl Normal\">erhalten <\/span><span class=\"xr_tl Normal\">werden <\/span><span class=\"xr_tl Normal\">konnte. <\/span><span class=\"xr_tl Normal\">Einige <\/span><span class=\"xr_tl Normal\">der <\/span><span class=\"xr_tl Normal\">polnischen <\/span><span class=\"xr_tl Normal\">Tarpane, <\/span><span class=\"xr_tl Normal\">die <\/span><span class=\"xr_tl Normal\">bis <\/span><span class=\"xr_tl Normal\">zum <\/span><span class=\"xr_tl Normal\">18. <\/span><span class=\"xr_tl Normal\">Jahrhundert <\/span><span class=\"xr_tl Normal\">im <\/span><span class=\"xr_tl Normal\">Forst <\/span><span class=\"xr_tl Normal\">von <\/span><span class=\"xr_tl Normal\">Bialowieza <\/span><span class=\"xr_tl Normal\">lebten, <\/span><span class=\"xr_tl Normal\">wurden <\/span><span class=\"xr_tl Normal\">gefangen <\/span><span class=\"xr_tl Normal\">und <\/span><span class=\"xr_tl Normal\">in <\/span><span class=\"xr_tl Normal\">einen\u00a0 <\/span><span class=\"xr_tl Normal\">privaten <\/span><span class=\"xr_tl Normal\">zoologischen <\/span><span class=\"xr_tl Normal\">Garten <\/span><span class=\"xr_tl Normal\">in <\/span><span class=\"xr_tl Normal\">der <\/span><span class=\"xr_tl Normal\">N\u00e4he <\/span><span class=\"xr_tl Normal\">von <\/span><span class=\"xr_tl Normal\">Bilgoraj <\/span><span class=\"xr_tl Normal\">zum <\/span><span class=\"xr_tl Normal\">Grafen <\/span><span class=\"xr_tl Normal\">Zamoyski <\/span><span class=\"xr_tl Normal\">gebracht. <\/span><span class=\"xr_tl Normal\">In <\/span><span class=\"xr_tl Normal\">einem <\/span><span class=\"xr_tl Normal\">ungew\u00f6hnlich <\/span><span class=\"xr_tl Normal\">strengen <\/span><span class=\"xr_tl Normal\">Winter <\/span><span class=\"xr_tl Normal\">zu <\/span><span class=\"xr_tl Normal\">Beginn <\/span><span class=\"xr_tl Normal\">des <\/span><span class=\"xr_tl Normal\">19. <\/span><span class=\"xr_tl Normal\">Jahrhunderts <\/span><span class=\"xr_tl Normal\">wurden <\/span><span class=\"xr_tl Normal\">die <\/span><span class=\"xr_tl Normal\">Tarpane, <\/span><span class=\"xr_tl Normal\">die <\/span><span class=\"xr_tl Normal\">bis <\/span><span class=\"xr_tl Normal\">dahin <\/span><span class=\"xr_tl Normal\">in <\/span><span class=\"xr_tl Normal\">Freiheit <\/span><span class=\"xr_tl Normal\">gelebt <\/span><span class=\"xr_tl Normal\">hatten, <\/span><span class=\"xr_tl Normal\">gefangen <\/span><span class=\"xr_tl Normal\">und <\/span><span class=\"xr_tl Normal\">an <\/span><span class=\"xr_tl Normal\">die <\/span><span class=\"xr_tl Normal\">benachbarten <\/span><span class=\"xr_tl Normal\">Bauern <\/span><span class=\"xr_tl Normal\">verteilt, <\/span><span class=\"xr_tl Normal\">wo <\/span><span class=\"xr_tl Normal\">sie <\/span><span class=\"xr_tl Normal\">leider <\/span><span class=\"xr_tl Normal\">mit <\/span><span class=\"xr_tl Normal\">zahmen <\/span><span class=\"xr_tl Normal\">Bauernponys <\/span><span class=\"xr_tl Normal\">verkreuzt <\/span><span class=\"xr_tl Normal\">wurden. <\/span><span class=\"xr_tl Normal\">Ein <\/span><span class=\"xr_tl Normal\">Teil <\/span><span class=\"xr_tl Normal\">der <\/span><span class=\"xr_tl Normal\">Nachfahren <\/span><span class=\"xr_tl Normal\">behielt <\/span><span class=\"xr_tl Normal\">jedoch die\u00a0<\/span><span class=\"xr_tl Normal\">Reinbl\u00fctigkeit <\/span><span class=\"xr_tl Normal\">der Vorfahren<\/span><span class=\"xr_tl Normal\">.<\/span><\/div>\t\t\t\t\t\t<\/div>\n\t\t\t\t<\/div>\n\t\t\t\t\t<\/div>\n\t\t<\/div>\n\t\t\t\t\t\t\t<\/div>\n\t\t<\/section>\n\t\t\t\t\t\t\t<\/div>\n\t\t","protected":false},"excerpt":{"rendered":"<p>Die Geschichte des Tarpan W\u00e4hrend einer Forschungsreise fand der russische Forscher und Naturwissenschaftler Samuel Gottlieb Gmelin in der s\u00fcdrussischen Steppe bei Bobrowsk eine Herde wilder Pferde, die er sehr ausf\u00fchrlich beschrieb. Den russischen Namen Tarpan f\u00fcr &#8220;kleines Pferdchen&#8221; erhielten sie von dem Berliner Reisenden und Naturforscher Peter Simon Pallas (1741-1811). \u00a0 Einst waren die mausgrauen [&hellip;]<\/p>\n","protected":false},"author":1,"featured_media":0,"parent":0,"menu_order":0,"comment_status":"closed","ping_status":"closed","template":"","meta":{"_themeisle_gutenberg_block_has_review":false,"footnotes":""},"yoast_head":"<!-- This site is optimized with the Yoast SEO plugin v21.8.1 - https:\/\/yoast.com\/wordpress\/plugins\/seo\/ -->\n<title>Geschichte - Tarpanhof Moorriem<\/title>\n<meta name=\"robots\" content=\"index, follow, max-snippet:-1, max-image-preview:large, max-video-preview:-1\" \/>\n<link rel=\"canonical\" href=\"https:\/\/tarpanhof-moorriem.de\/?page_id=54\" \/>\n<meta property=\"og:locale\" content=\"de_DE\" \/>\n<meta property=\"og:type\" content=\"article\" \/>\n<meta property=\"og:title\" content=\"Geschichte - Tarpanhof Moorriem\" \/>\n<meta property=\"og:description\" content=\"Die Geschichte des Tarpan W\u00e4hrend einer Forschungsreise fand der russische Forscher und Naturwissenschaftler Samuel Gottlieb Gmelin in der s\u00fcdrussischen Steppe bei Bobrowsk eine Herde wilder Pferde, die er sehr ausf\u00fchrlich beschrieb. Den russischen Namen Tarpan f\u00fcr &#8220;kleines Pferdchen&#8221; erhielten sie von dem Berliner Reisenden und Naturforscher Peter Simon Pallas (1741-1811). \u00a0 Einst waren die mausgrauen [&hellip;]\" \/>\n<meta property=\"og:url\" content=\"https:\/\/tarpanhof-moorriem.de\/?page_id=54\" \/>\n<meta property=\"og:site_name\" content=\"Tarpanhof Moorriem\" \/>\n<meta property=\"article:modified_time\" content=\"2020-05-25T18:36:17+00:00\" \/>\n<meta property=\"og:image\" content=\"https:\/\/tarpanhof-moorriem.de\/wp-content\/uploads\/2020\/05\/1541@2x-300x223.jpg\" \/>\n<meta name=\"twitter:card\" content=\"summary_large_image\" \/>\n<meta name=\"twitter:label1\" content=\"Gesch\u00e4tzte Lesezeit\" \/>\n\t<meta name=\"twitter:data1\" content=\"1\u00a0Minute\" \/>\n<script type=\"application\/ld+json\" class=\"yoast-schema-graph\">{\"@context\":\"https:\/\/schema.org\",\"@graph\":[{\"@type\":\"WebPage\",\"@id\":\"https:\/\/tarpanhof-moorriem.de\/?page_id=54\",\"url\":\"https:\/\/tarpanhof-moorriem.de\/?page_id=54\",\"name\":\"Geschichte - Tarpanhof Moorriem\",\"isPartOf\":{\"@id\":\"https:\/\/tarpanhof-moorriem.de\/#website\"},\"datePublished\":\"2020-05-25T14:54:03+00:00\",\"dateModified\":\"2020-05-25T18:36:17+00:00\",\"breadcrumb\":{\"@id\":\"https:\/\/tarpanhof-moorriem.de\/?page_id=54#breadcrumb\"},\"inLanguage\":\"de\",\"potentialAction\":[{\"@type\":\"ReadAction\",\"target\":[\"https:\/\/tarpanhof-moorriem.de\/?page_id=54\"]}]},{\"@type\":\"BreadcrumbList\",\"@id\":\"https:\/\/tarpanhof-moorriem.de\/?page_id=54#breadcrumb\",\"itemListElement\":[{\"@type\":\"ListItem\",\"position\":1,\"name\":\"Startseite\",\"item\":\"https:\/\/tarpanhof-moorriem.de\/\"},{\"@type\":\"ListItem\",\"position\":2,\"name\":\"Geschichte\"}]},{\"@type\":\"WebSite\",\"@id\":\"https:\/\/tarpanhof-moorriem.de\/#website\",\"url\":\"https:\/\/tarpanhof-moorriem.de\/\",\"name\":\"Tarpanhof Moorriem\",\"description\":\"Ihr Anprechpartner f\u00fcr die Tarpanzucht und -haltung!\",\"potentialAction\":[{\"@type\":\"SearchAction\",\"target\":{\"@type\":\"EntryPoint\",\"urlTemplate\":\"https:\/\/tarpanhof-moorriem.de\/?s={search_term_string}\"},\"query-input\":\"required name=search_term_string\"}],\"inLanguage\":\"de\"}]}<\/script>\n<!-- \/ Yoast SEO plugin. -->","yoast_head_json":{"title":"Geschichte - Tarpanhof Moorriem","robots":{"index":"index","follow":"follow","max-snippet":"max-snippet:-1","max-image-preview":"max-image-preview:large","max-video-preview":"max-video-preview:-1"},"canonical":"https:\/\/tarpanhof-moorriem.de\/?page_id=54","og_locale":"de_DE","og_type":"article","og_title":"Geschichte - Tarpanhof Moorriem","og_description":"Die Geschichte des Tarpan W\u00e4hrend einer Forschungsreise fand der russische Forscher und Naturwissenschaftler Samuel Gottlieb Gmelin in der s\u00fcdrussischen Steppe bei Bobrowsk eine Herde wilder Pferde, die er sehr ausf\u00fchrlich beschrieb. Den russischen Namen Tarpan f\u00fcr &#8220;kleines Pferdchen&#8221; erhielten sie von dem Berliner Reisenden und Naturforscher Peter Simon Pallas (1741-1811). \u00a0 Einst waren die mausgrauen [&hellip;]","og_url":"https:\/\/tarpanhof-moorriem.de\/?page_id=54","og_site_name":"Tarpanhof Moorriem","article_modified_time":"2020-05-25T18:36:17+00:00","og_image":[{"url":"https:\/\/tarpanhof-moorriem.de\/wp-content\/uploads\/2020\/05\/1541@2x-300x223.jpg"}],"twitter_card":"summary_large_image","twitter_misc":{"Gesch\u00e4tzte Lesezeit":"1\u00a0Minute"},"schema":{"@context":"https:\/\/schema.org","@graph":[{"@type":"WebPage","@id":"https:\/\/tarpanhof-moorriem.de\/?page_id=54","url":"https:\/\/tarpanhof-moorriem.de\/?page_id=54","name":"Geschichte - Tarpanhof Moorriem","isPartOf":{"@id":"https:\/\/tarpanhof-moorriem.de\/#website"},"datePublished":"2020-05-25T14:54:03+00:00","dateModified":"2020-05-25T18:36:17+00:00","breadcrumb":{"@id":"https:\/\/tarpanhof-moorriem.de\/?page_id=54#breadcrumb"},"inLanguage":"de","potentialAction":[{"@type":"ReadAction","target":["https:\/\/tarpanhof-moorriem.de\/?page_id=54"]}]},{"@type":"BreadcrumbList","@id":"https:\/\/tarpanhof-moorriem.de\/?page_id=54#breadcrumb","itemListElement":[{"@type":"ListItem","position":1,"name":"Startseite","item":"https:\/\/tarpanhof-moorriem.de\/"},{"@type":"ListItem","position":2,"name":"Geschichte"}]},{"@type":"WebSite","@id":"https:\/\/tarpanhof-moorriem.de\/#website","url":"https:\/\/tarpanhof-moorriem.de\/","name":"Tarpanhof Moorriem","description":"Ihr Anprechpartner f\u00fcr die Tarpanzucht und -haltung!","potentialAction":[{"@type":"SearchAction","target":{"@type":"EntryPoint","urlTemplate":"https:\/\/tarpanhof-moorriem.de\/?s={search_term_string}"},"query-input":"required name=search_term_string"}],"inLanguage":"de"}]}},"jetpack_sharing_enabled":true,"_links":{"self":[{"href":"https:\/\/tarpanhof-moorriem.de\/index.php?rest_route=\/wp\/v2\/pages\/54"}],"collection":[{"href":"https:\/\/tarpanhof-moorriem.de\/index.php?rest_route=\/wp\/v2\/pages"}],"about":[{"href":"https:\/\/tarpanhof-moorriem.de\/index.php?rest_route=\/wp\/v2\/types\/page"}],"author":[{"embeddable":true,"href":"https:\/\/tarpanhof-moorriem.de\/index.php?rest_route=\/wp\/v2\/users\/1"}],"replies":[{"embeddable":true,"href":"https:\/\/tarpanhof-moorriem.de\/index.php?rest_route=%2Fwp%2Fv2%2Fcomments&post=54"}],"version-history":[{"count":10,"href":"https:\/\/tarpanhof-moorriem.de\/index.php?rest_route=\/wp\/v2\/pages\/54\/revisions"}],"predecessor-version":[{"id":141,"href":"https:\/\/tarpanhof-moorriem.de\/index.php?rest_route=\/wp\/v2\/pages\/54\/revisions\/141"}],"wp:attachment":[{"href":"https:\/\/tarpanhof-moorriem.de\/index.php?rest_route=%2Fwp%2Fv2%2Fmedia&parent=54"}],"curies":[{"name":"wp","href":"https:\/\/api.w.org\/{rel}","templated":true}]}}